{"id":965,"date":"2018-09-17T11:22:38","date_gmt":"2018-09-17T09:22:38","guid":{"rendered":"https:\/\/masmi.pl\/?page_id=965"},"modified":"2019-08-31T11:20:31","modified_gmt":"2019-08-31T09:20:31","slug":"trendsetters-community","status":"publish","type":"page","link":"https:\/\/masmi.pl\/en\/client-zone\/trendsetters-community\/","title":{"rendered":"Trendsetters Community"},"content":{"rendered":"<p>[et_pb_section fb_built=&#8221;1&#8243; _builder_version=&#8221;3.22&#8243; background_color=&#8221;#00a6e4&#8243; custom_padding=&#8221;29px|0px|4px|0px|false|false&#8221; bb_built=&#8221;1&#8243; _i=&#8221;0&#8243; _address=&#8221;0&#8243;][et_pb_row _builder_version=&#8221;3.25&#8243; background_size=&#8221;initial&#8221; background_position=&#8221;top_left&#8221; background_repeat=&#8221;repeat&#8221; _i=&#8221;0&#8243; _address=&#8221;0.0&#8243;][et_pb_column type=&#8221;4_4&#8243; _builder_version=&#8221;3.25&#8243; custom_padding=&#8221;|||&#8221; _i=&#8221;0&#8243; _address=&#8221;0.0.0&#8243; custom_padding__hover=&#8221;|||&#8221;][et_pb_post_title meta=&#8221;off&#8221; featured_image=&#8221;off&#8221; text_color=&#8221;light&#8221; _builder_version=&#8221;3.11.1&#8243; background_color=&#8221;#00a6e4&#8243; _i=&#8221;0&#8243; _address=&#8221;0.0.0.0&#8243;][\/et_pb_post_title][\/et_pb_column][\/et_pb_row][\/et_pb_section][et_pb_section fb_built=&#8221;1&#8243; _builder_version=&#8221;3.22&#8243; custom_padding=&#8221;22px|0px|22px|0px|false|false&#8221; bb_built=&#8221;1&#8243; _i=&#8221;1&#8243; _address=&#8221;1&#8243;][et_pb_row use_custom_gutter=&#8221;on&#8221; gutter_width=&#8221;2&#8243; _builder_version=&#8221;3.25&#8243; custom_padding=&#8221;11px|0px|13px|0px|false|false&#8221; _i=&#8221;0&#8243; _address=&#8221;1.0&#8243; column_structure=&#8221;1_3,2_3&#8243; custom_margin=&#8221;|130px||auto||&#8221;][et_pb_column type=&#8221;1_3&#8243; _builder_version=&#8221;3.25&#8243; custom_padding=&#8221;|||&#8221; _i=&#8221;0&#8243; _address=&#8221;1.0.0&#8243; custom_padding__hover=&#8221;|||&#8221;][et_pb_image src=&#8221;https:\/\/masmi.pl\/wp-content\/uploads\/2018\/09\/trendsetters-community.jpg&#8221; url=&#8221;https:\/\/mailchi.mp\/9b9b76ce13c9\/trendsetters-community&#8221; use_overlay=&#8221;on&#8221; overlay_icon_color=&#8221;#0c71c3&#8243; hover_overlay_color=&#8221;rgba(255,255,255,0.73)&#8221; hover_icon=&#8221;%%72%%&#8221; align_tablet=&#8221;center&#8221; align_last_edited=&#8221;on|desktop&#8221; _builder_version=&#8221;3.23&#8243; box_shadow_style=&#8221;preset2&#8243; _i=&#8221;0&#8243; _address=&#8221;1.0.0.0&#8243;][\/et_pb_image][\/et_pb_column][et_pb_column type=&#8221;2_3&#8243; _builder_version=&#8221;3.25&#8243; custom_padding=&#8221;|||&#8221; _i=&#8221;1&#8243; _address=&#8221;1.0.1&#8243; custom_padding__hover=&#8221;|||&#8221;][et_pb_text _builder_version=&#8221;3.27.4&#8243; background_size=&#8221;initial&#8221; background_position=&#8221;top_left&#8221; background_repeat=&#8221;repeat&#8221; custom_margin=&#8221;10px|||&#8221; _i=&#8221;0&#8243; _address=&#8221;1.0.1.0&#8243;]Would you like to know how we monitored trends using Market Research Online Communities (MROC)?<\/p>\n<p>From our case study you will find out:<\/p>\n<ul>\n<li>Why and how we created <strong>Trendsetters Community<\/strong>?<\/li>\n<li>How we <strong>monitored trends and their paths of circulation<\/strong> using an Online Community?<\/li>\n<li>How our Client <strong>benefited<\/strong> from the study?<\/li>\n<li>And <strong>DIY guide<\/strong> how to conduct a similar study.<\/li>\n<\/ul>\n<p>[\/et_pb_text][et_pb_button button_url=&#8221;https:\/\/mailchi.mp\/9b9b76ce13c9\/trendsetters-community&#8221; button_text=&#8221;Click here to receive a free case study&#8221; button_alignment=&#8221;center&#8221; _builder_version=&#8221;3.16&#8243; custom_button=&#8221;on&#8221; button_text_size=&#8221;18px&#8221; button_text_color=&#8221;#ffffff&#8221; button_bg_color=&#8221;#49c922&#8243; button_border_radius=&#8221;18px&#8221; button_use_icon=&#8221;off&#8221; background_layout=&#8221;dark&#8221; _i=&#8221;1&#8243; _address=&#8221;1.0.1.1&#8243; button_text_size__hover_enabled=&#8221;off&#8221; button_one_text_size__hover_enabled=&#8221;off&#8221; button_two_text_size__hover_enabled=&#8221;off&#8221; button_text_color__hover_enabled=&#8221;off&#8221; button_one_text_color__hover_enabled=&#8221;off&#8221; button_two_text_color__hover_enabled=&#8221;off&#8221; button_border_width__hover_enabled=&#8221;off&#8221; button_one_border_width__hover_enabled=&#8221;off&#8221; button_two_border_width__hover_enabled=&#8221;off&#8221; button_border_color__hover_enabled=&#8221;off&#8221; button_one_border_color__hover_enabled=&#8221;off&#8221; button_two_border_color__hover_enabled=&#8221;off&#8221; button_border_radius__hover_enabled=&#8221;off&#8221; button_one_border_radius__hover_enabled=&#8221;off&#8221; button_two_border_radius__hover_enabled=&#8221;off&#8221; button_letter_spacing__hover_enabled=&#8221;off&#8221; button_one_letter_spacing__hover_enabled=&#8221;off&#8221; button_two_letter_spacing__hover_enabled=&#8221;off&#8221; button_bg_color__hover_enabled=&#8221;off&#8221; button_one_bg_color__hover_enabled=&#8221;off&#8221; button_two_bg_color__hover_enabled=&#8221;off&#8221;][\/et_pb_button][\/et_pb_column][\/et_pb_row][\/et_pb_section][et_pb_section fb_built=&#8221;1&#8243; _builder_version=&#8221;3.22&#8243; custom_padding=&#8221;0|0px|52.4375px|0px|false|false&#8221; bb_built=&#8221;1&#8243; _i=&#8221;2&#8243; _address=&#8221;2&#8243;][et_pb_row use_custom_gutter=&#8221;on&#8221; gutter_width=&#8221;2&#8243; _builder_version=&#8221;3.25&#8243; module_alignment=&#8221;center&#8221; custom_padding=&#8221;0|0px|0|0px|false|false&#8221; custom_width_px=&#8221;972px&#8221; _i=&#8221;0&#8243; _address=&#8221;2.0&#8243; column_structure=&#8221;1_2,1_2&#8243;][et_pb_column type=&#8221;1_2&#8243; _builder_version=&#8221;3.25&#8243; custom_padding=&#8221;|||&#8221; _i=&#8221;0&#8243; _address=&#8221;2.0.0&#8243; custom_padding__hover=&#8221;|||&#8221;][et_pb_text _builder_version=&#8221;3.27.4&#8243; background_color=&#8221;#008bd6&#8243; use_background_color_gradient=&#8221;on&#8221; background_color_gradient_start=&#8221;#1c80d8&#8243; background_color_gradient_end=&#8221;#02bbff&#8221; background_image=&#8221;https:\/\/masmi.pl\/wp-content\/uploads\/2017\/07\/cta-masmi.jpg&#8221; parallax=&#8221;on&#8221; background_layout=&#8221;dark&#8221; custom_padding=&#8221;15px|15px|15px|15px&#8221; saved_tabs=&#8221;all&#8221; _i=&#8221;0&#8243; _address=&#8221;2.0.0.0&#8243;]<\/p>\n<div class=\"skontaktuj\">Find out more!<\/div>\n<div>\n<hr \/>\n<\/div>\n<p><img loading=\"lazy\" decoding=\"async\" class=\" wp-image-393 alignleft\" src=\"https:\/\/masmi.pl\/wp-content\/uploads\/2017\/07\/Piotr-Idzik.jpg\" alt=\"\" width=\"103\" height=\"155\" srcset=\"https:\/\/masmi.pl\/wp-content\/uploads\/2017\/07\/Piotr-Idzik.jpg 300w, https:\/\/masmi.pl\/wp-content\/uploads\/2017\/07\/Piotr-Idzik-199x300.jpg 199w\" sizes=\"(max-width: 103px) 100vw, 103px\" \/><\/p>\n<p><strong>Piotr Idzik<\/strong><br clear='none'\/> Managing Director<br clear='none'\/> <strong>Tel:<\/strong> <span style=\"color: #ffffff;\"><a style=\"color: #ffffff;\" href=\"tel:+48664050993\"> +48 664 050 993<\/a><\/span><br clear='none'\/> <strong>E-mail:<\/strong><span style=\"color: #ffffff;\">\u00a0<a style=\"color: #ffffff;\" href=\"mailto:piotr.idzik@masmi.com\">piotr.idzik@masmi.com<\/a><\/span><\/p>\n<p>[\/et_pb_text][\/et_pb_column][et_pb_column type=&#8221;1_2&#8243; _builder_version=&#8221;3.25&#8243; custom_padding=&#8221;|||&#8221; _i=&#8221;1&#8243; _address=&#8221;2.0.1&#8243; custom_padding__hover=&#8221;|||&#8221;][et_pb_text _builder_version=&#8221;3.27.4&#8243; background_color=&#8221;#008bd6&#8243; use_background_color_gradient=&#8221;on&#8221; background_color_gradient_start=&#8221;#1c80d8&#8243; background_color_gradient_end=&#8221;#02bbff&#8221; background_image=&#8221;https:\/\/masmi.pl\/wp-content\/uploads\/2017\/07\/cta-masmi.jpg&#8221; parallax=&#8221;on&#8221; background_layout=&#8221;dark&#8221; custom_padding=&#8221;15px|15px|15px|15px&#8221; saved_tabs=&#8221;all&#8221; _i=&#8221;0&#8243; _address=&#8221;2.0.1.0&#8243;]<\/p>\n<div class=\"skontaktuj\">Find out more!<\/div>\n<div>\n<hr \/>\n<\/div>\n<p><img loading=\"lazy\" decoding=\"async\" class=\"alignleft wp-image-397\" src=\"https:\/\/masmi.pl\/wp-content\/uploads\/2017\/09\/Aleksandra-Gromniak.jpg\" alt=\"Aleksandra Gromniak\" width=\"103\" height=\"155\" srcset=\"https:\/\/masmi.pl\/wp-content\/uploads\/2017\/09\/Aleksandra-Gromniak.jpg 300w, https:\/\/masmi.pl\/wp-content\/uploads\/2017\/09\/Aleksandra-Gromniak-199x300.jpg 199w\" sizes=\"(max-width: 103px) 100vw, 103px\" \/><\/p>\n<p><strong>Aleksandra Gromniak<\/strong><br clear='none'\/> Community Manager<br clear='none'\/> <strong>Tel:<\/strong> <span style=\"color: #ffffff;\"><a style=\"color: #ffffff;\" href=\"tel:+48533680254\"> +48 533 680 254 <\/a><br clear='none'\/> <\/span><strong>E-mail:<\/strong><span style=\"color: #ffffff;\">\u00a0<a style=\"color: #ffffff;\" href=\"mailto:aleksandra.gromniak@masmi.com\">aleksandra.gromniak@masmi.com<\/a><\/span><\/p>\n<p>[\/et_pb_text][\/et_pb_column][\/et_pb_row][\/et_pb_section]<\/p>\n","protected":false},"excerpt":{"rendered":"<p>Would you like to know how we monitored trends using Market Research Online Communities (MROC)? From our case study you will find out: Why and how we created Trendsetters Community? How we monitored trends and their paths of circulation using an Online Community? How our Client benefited from the study? And DIY guide how to [&hellip;]<\/p>\n","protected":false},"author":2,"featured_media":0,"parent":931,"menu_order":0,"comment_status":"closed","ping_status":"closed","template":"","meta":{"_et_pb_use_builder":"on","_et_pb_old_content":"<p>Zapraszamy do pobrania bezp\u0142atnego case study. Opisujemy w nim badanie, w kt\u00f3rym monitorowali\u015bmy trendy za pomoc\u0105 Spo\u0142eczno\u015bci Badawczych Online (MROC).<\/p><p>Z naszego case study dowiesz si\u0119:<\/p><ul><li>Dlaczego i jak utworzyli\u015bmy <strong>Spo\u0142eczno\u015b\u0107 \u201eTrendsetter\u00f3w\u201d?<\/strong><\/li><li>Jak za po\u015brednictwem Spo\u0142eczno\u015bci <strong>monitorowali\u015bmy trendy i sposoby ich rozpowszechniania si\u0119<\/strong>?<\/li><li>Jakie <strong>korzy\u015bci<\/strong> odni\u00f3s\u0142 nasz Klient?<\/li><li>Oraz jak <strong>samodzielnie zaprojektowa\u0107 podobne badanie<\/strong>?<\/li><\/ul><p>\u00a0<\/p>","_et_gb_content_width":"","footnotes":""},"class_list":["post-965","page","type-page","status-publish","hentry"],"yoast_head":"<!-- This site is optimized with the Yoast SEO plugin v27.1.1 - https:\/\/yoast.com\/product\/yoast-seo-wordpress\/ -->\n<title>Trendsetters Community - MASMI Poland<\/title>\n<meta name=\"description\" content=\"Would you like to know how we monitored trends using Market Research Online Communities (MROC)?\" \/>\n<meta name=\"robots\" content=\"index, follow, max-snippet:-1, max-image-preview:large, max-video-preview:-1\" \/>\n<link rel=\"canonical\" href=\"https:\/\/masmi.pl\/en\/client-zone\/trendsetters-community\/\" \/>\n<meta property=\"og:locale\" content=\"en_US\" \/>\n<meta property=\"og:type\" content=\"article\" \/>\n<meta property=\"og:title\" content=\"Trendsetters Community - MASMI Poland\" \/>\n<meta property=\"og:description\" content=\"Would you like to know how we monitored trends using Market Research Online Communities (MROC)?\" \/>\n<meta property=\"og:url\" content=\"https:\/\/masmi.pl\/en\/client-zone\/trendsetters-community\/\" \/>\n<meta property=\"og:site_name\" content=\"MASMI Poland\" \/>\n<meta property=\"article:modified_time\" content=\"2019-08-31T09:20:31+00:00\" \/>\n<meta property=\"og:image\" content=\"https:\/\/masmi.pl\/wp-content\/uploads\/2018\/08\/spo\u0142ecznosc-trendsetterow.jpg\" \/>\n\t<meta property=\"og:image:width\" content=\"1000\" \/>\n\t<meta property=\"og:image:height\" content=\"906\" \/>\n\t<meta property=\"og:image:type\" content=\"image\/jpeg\" \/>\n<meta name=\"twitter:card\" content=\"summary_large_image\" \/>\n<meta name=\"twitter:label1\" content=\"Est. reading time\" \/>\n\t<meta name=\"twitter:data1\" content=\"4 minutes\" \/>\n<script type=\"application\/ld+json\" class=\"yoast-schema-graph\">{\"@context\":\"https:\/\/schema.org\",\"@graph\":[{\"@type\":\"WebPage\",\"@id\":\"https:\/\/masmi.pl\/en\/client-zone\/trendsetters-community\/\",\"url\":\"https:\/\/masmi.pl\/en\/client-zone\/trendsetters-community\/\",\"name\":\"Trendsetters Community - MASMI Poland\",\"isPartOf\":{\"@id\":\"https:\/\/masmi.pl\/#website\"},\"primaryImageOfPage\":{\"@id\":\"https:\/\/masmi.pl\/en\/client-zone\/trendsetters-community\/#primaryimage\"},\"image\":{\"@id\":\"https:\/\/masmi.pl\/en\/client-zone\/trendsetters-community\/#primaryimage\"},\"thumbnailUrl\":\"https:\/\/masmi.pl\/wp-content\/uploads\/2017\/07\/Piotr-Idzik.jpg\",\"datePublished\":\"2018-09-17T09:22:38+00:00\",\"dateModified\":\"2019-08-31T09:20:31+00:00\",\"description\":\"Would you like to know how we monitored trends using Market Research Online Communities (MROC)?\",\"breadcrumb\":{\"@id\":\"https:\/\/masmi.pl\/en\/client-zone\/trendsetters-community\/#breadcrumb\"},\"inLanguage\":\"en-US\",\"potentialAction\":[{\"@type\":\"ReadAction\",\"target\":[\"https:\/\/masmi.pl\/en\/client-zone\/trendsetters-community\/\"]}]},{\"@type\":\"ImageObject\",\"inLanguage\":\"en-US\",\"@id\":\"https:\/\/masmi.pl\/en\/client-zone\/trendsetters-community\/#primaryimage\",\"url\":\"https:\/\/masmi.pl\/wp-content\/uploads\/2017\/07\/Piotr-Idzik.jpg\",\"contentUrl\":\"https:\/\/masmi.pl\/wp-content\/uploads\/2017\/07\/Piotr-Idzik.jpg\"},{\"@type\":\"BreadcrumbList\",\"@id\":\"https:\/\/masmi.pl\/en\/client-zone\/trendsetters-community\/#breadcrumb\",\"itemListElement\":[{\"@type\":\"ListItem\",\"position\":1,\"name\":\"Strona g\u0142\u00f3wna\",\"item\":\"https:\/\/masmi.pl\/en\/\"},{\"@type\":\"ListItem\",\"position\":2,\"name\":\"For Clients\",\"item\":\"https:\/\/masmi.pl\/en\/client-zone\/\"},{\"@type\":\"ListItem\",\"position\":3,\"name\":\"Trendsetters Community\"}]},{\"@type\":\"WebSite\",\"@id\":\"https:\/\/masmi.pl\/#website\",\"url\":\"https:\/\/masmi.pl\/\",\"name\":\"MASMI Poland\",\"description\":\"\",\"publisher\":{\"@id\":\"https:\/\/masmi.pl\/#organization\"},\"potentialAction\":[{\"@type\":\"SearchAction\",\"target\":{\"@type\":\"EntryPoint\",\"urlTemplate\":\"https:\/\/masmi.pl\/?s={search_term_string}\"},\"query-input\":{\"@type\":\"PropertyValueSpecification\",\"valueRequired\":true,\"valueName\":\"search_term_string\"}}],\"inLanguage\":\"en-US\"},{\"@type\":\"Organization\",\"@id\":\"https:\/\/masmi.pl\/#organization\",\"name\":\"MASMI Poland\",\"url\":\"https:\/\/masmi.pl\/\",\"logo\":{\"@type\":\"ImageObject\",\"inLanguage\":\"en-US\",\"@id\":\"https:\/\/masmi.pl\/#\/schema\/logo\/image\/\",\"url\":\"https:\/\/masmi.pl\/wp-content\/uploads\/2017\/07\/logo_2.png\",\"contentUrl\":\"https:\/\/masmi.pl\/wp-content\/uploads\/2017\/07\/logo_2.png\",\"width\":264,\"height\":142,\"caption\":\"MASMI Poland\"},\"image\":{\"@id\":\"https:\/\/masmi.pl\/#\/schema\/logo\/image\/\"}}]}<\/script>\n<!-- \/ Yoast SEO plugin. -->","yoast_head_json":{"title":"Trendsetters Community - MASMI Poland","description":"Would you like to know how we monitored trends using Market Research Online Communities (MROC)?","robots":{"index":"index","follow":"follow","max-snippet":"max-snippet:-1","max-image-preview":"max-image-preview:large","max-video-preview":"max-video-preview:-1"},"canonical":"https:\/\/masmi.pl\/en\/client-zone\/trendsetters-community\/","og_locale":"en_US","og_type":"article","og_title":"Trendsetters Community - MASMI Poland","og_description":"Would you like to know how we monitored trends using Market Research Online Communities (MROC)?","og_url":"https:\/\/masmi.pl\/en\/client-zone\/trendsetters-community\/","og_site_name":"MASMI Poland","article_modified_time":"2019-08-31T09:20:31+00:00","og_image":[{"width":1000,"height":906,"url":"https:\/\/masmi.pl\/wp-content\/uploads\/2018\/08\/spo\u0142ecznosc-trendsetterow.jpg","type":"image\/jpeg"}],"twitter_card":"summary_large_image","twitter_misc":{"Est. reading time":"4 minutes"},"schema":{"@context":"https:\/\/schema.org","@graph":[{"@type":"WebPage","@id":"https:\/\/masmi.pl\/en\/client-zone\/trendsetters-community\/","url":"https:\/\/masmi.pl\/en\/client-zone\/trendsetters-community\/","name":"Trendsetters Community - MASMI Poland","isPartOf":{"@id":"https:\/\/masmi.pl\/#website"},"primaryImageOfPage":{"@id":"https:\/\/masmi.pl\/en\/client-zone\/trendsetters-community\/#primaryimage"},"image":{"@id":"https:\/\/masmi.pl\/en\/client-zone\/trendsetters-community\/#primaryimage"},"thumbnailUrl":"https:\/\/masmi.pl\/wp-content\/uploads\/2017\/07\/Piotr-Idzik.jpg","datePublished":"2018-09-17T09:22:38+00:00","dateModified":"2019-08-31T09:20:31+00:00","description":"Would you like to know how we monitored trends using Market Research Online Communities (MROC)?","breadcrumb":{"@id":"https:\/\/masmi.pl\/en\/client-zone\/trendsetters-community\/#breadcrumb"},"inLanguage":"en-US","potentialAction":[{"@type":"ReadAction","target":["https:\/\/masmi.pl\/en\/client-zone\/trendsetters-community\/"]}]},{"@type":"ImageObject","inLanguage":"en-US","@id":"https:\/\/masmi.pl\/en\/client-zone\/trendsetters-community\/#primaryimage","url":"https:\/\/masmi.pl\/wp-content\/uploads\/2017\/07\/Piotr-Idzik.jpg","contentUrl":"https:\/\/masmi.pl\/wp-content\/uploads\/2017\/07\/Piotr-Idzik.jpg"},{"@type":"BreadcrumbList","@id":"https:\/\/masmi.pl\/en\/client-zone\/trendsetters-community\/#breadcrumb","itemListElement":[{"@type":"ListItem","position":1,"name":"Strona g\u0142\u00f3wna","item":"https:\/\/masmi.pl\/en\/"},{"@type":"ListItem","position":2,"name":"For Clients","item":"https:\/\/masmi.pl\/en\/client-zone\/"},{"@type":"ListItem","position":3,"name":"Trendsetters Community"}]},{"@type":"WebSite","@id":"https:\/\/masmi.pl\/#website","url":"https:\/\/masmi.pl\/","name":"MASMI Poland","description":"","publisher":{"@id":"https:\/\/masmi.pl\/#organization"},"potentialAction":[{"@type":"SearchAction","target":{"@type":"EntryPoint","urlTemplate":"https:\/\/masmi.pl\/?s={search_term_string}"},"query-input":{"@type":"PropertyValueSpecification","valueRequired":true,"valueName":"search_term_string"}}],"inLanguage":"en-US"},{"@type":"Organization","@id":"https:\/\/masmi.pl\/#organization","name":"MASMI Poland","url":"https:\/\/masmi.pl\/","logo":{"@type":"ImageObject","inLanguage":"en-US","@id":"https:\/\/masmi.pl\/#\/schema\/logo\/image\/","url":"https:\/\/masmi.pl\/wp-content\/uploads\/2017\/07\/logo_2.png","contentUrl":"https:\/\/masmi.pl\/wp-content\/uploads\/2017\/07\/logo_2.png","width":264,"height":142,"caption":"MASMI Poland"},"image":{"@id":"https:\/\/masmi.pl\/#\/schema\/logo\/image\/"}}]}},"_links":{"self":[{"href":"https:\/\/masmi.pl\/en\/wp-json\/wp\/v2\/pages\/965","targetHints":{"allow":["GET"]}}],"collection":[{"href":"https:\/\/masmi.pl\/en\/wp-json\/wp\/v2\/pages"}],"about":[{"href":"https:\/\/masmi.pl\/en\/wp-json\/wp\/v2\/types\/page"}],"author":[{"embeddable":true,"href":"https:\/\/masmi.pl\/en\/wp-json\/wp\/v2\/users\/2"}],"replies":[{"embeddable":true,"href":"https:\/\/masmi.pl\/en\/wp-json\/wp\/v2\/comments?post=965"}],"version-history":[{"count":3,"href":"https:\/\/masmi.pl\/en\/wp-json\/wp\/v2\/pages\/965\/revisions"}],"predecessor-version":[{"id":1585,"href":"https:\/\/masmi.pl\/en\/wp-json\/wp\/v2\/pages\/965\/revisions\/1585"}],"up":[{"embeddable":true,"href":"https:\/\/masmi.pl\/en\/wp-json\/wp\/v2\/pages\/931"}],"wp:attachment":[{"href":"https:\/\/masmi.pl\/en\/wp-json\/wp\/v2\/media?parent=965"}],"curies":[{"name":"wp","href":"https:\/\/api.w.org\/{rel}","templated":true}]}}